{"id":40,"date":"2024-01-26T18:23:12","date_gmt":"2024-01-26T18:23:12","guid":{"rendered":"http:\/\/69.162.91.146:7005\/?page_id=40"},"modified":"2024-01-26T18:36:33","modified_gmt":"2024-01-26T18:36:33","slug":"terminos-y-condiciones","status":"publish","type":"page","link":"https:\/\/tributariosycontables.com\/index.php\/terminos-y-condiciones\/","title":{"rendered":"T\u00e9rminos y Condiciones"},"content":{"rendered":"\n<h2 class=\"wp-block-heading\"><strong>AVISO LEGAL Y T\u00c9RMINOS DE USO<\/strong><\/h2>\n\n\n\n<p>Tributarios y Contables, como titular de este sitio web, informa al usuario que si navega por esta web o usa los servicios que ofrecemos a trav\u00e9s de esta, adquiere desde el primer momento, la condici\u00f3n de usuario y, por tanto, se acoge a las normas respecto al uso de esta web.<\/p>\n\n\n\n<p>Garantizamos que estas en un espacio 100% seguro, por ello para tu comodidad y tranquilidad publicamos toda la informaci\u00f3n y reglas que necesitas saber al navegar en nuestra p\u00e1gina web o usar los servicios que ofrecemos a trav\u00e9s de esta.<\/p>\n\n\n\n<p><strong>1. Datos del responsable<\/strong><strong><\/strong><\/p>\n\n\n\n<p>Tributarios y Contables est\u00e1 constituida ante c\u00e1mara de comercio, como XXXXX y se acoge al r\u00e9gimen XXXX.<\/p>\n\n\n\n<p>Email: icolmenares@tributariosycontables.com<\/p>\n\n\n\n<p>Actividad social: XXX<\/p>\n\n\n\n<p><strong>2. Finalidad de la p\u00e1gina web.<\/strong><strong><\/strong><\/p>\n\n\n\n<p>Los servicios prestados por Tributarios y Contables como responsable de la p\u00e1gina web corresponden a la informaci\u00f3n que se pueda brindar a nuestros usuarios y quienes nos quieren conocer por este medio .<\/p>\n\n\n\n<p><strong>3. Usuarios:<\/strong><strong><\/strong><\/p>\n\n\n\n<p>El acceso y\/o uso de este sitio web atribuye la condici\u00f3n de USUARIO, quien acepta, desde dicho acceso y\/o uso, los presentes t\u00e9rminos de uso, no obstante, por el solo uso de la p\u00e1gina web no significa el inicio de relaci\u00f3n laboral y\/o comercial alguna.<\/p>\n\n\n\n<p><strong>4. Uso del sitio web y captura de informaci\u00f3n:<\/strong><strong><\/strong><\/p>\n\n\n\n<p><strong>4.1 USO DEL SITIO WEB<\/strong><\/p>\n\n\n\n<p>La p\u00e1gina web https:\/\/tributariosycontables.com\/en adelante, LA WEB, proporciona el acceso a informaci\u00f3n y datos, en adelante, \u201clos contenidos\u201d, propiedad de Tributarios y Contables. El USUARIO asume la responsabilidad del uso de la web.<\/p>\n\n\n\n<p>El USUARIO se compromete a hacer un uso adecuado de los contenidos que ofrece a trav\u00e9s de su web y con car\u00e1cter enunciativo, pero no limitativo, a no emplearlos para:<\/p>\n\n\n\n<ul class=\"wp-block-list\">\n<li>Incurrir en actividades il\u00edcitas, ilegales o contrarias a la buena fe y al orden p\u00fablico.<\/li>\n\n\n\n<li>Difundir contenidos o propaganda de car\u00e1cter racista, xen\u00f3fobo, pornogr\u00e1fico-ilegal, de apolog\u00eda del terrorismo o que atente contra los derechos humanos.<\/li>\n\n\n\n<li>Provocar da\u00f1os en los sistemas f\u00edsicos y l\u00f3gicos de la web, de sus proveedores o de terceras personas, introducir o difundir en la red virus inform\u00e1ticos o cualesquiera otros sistemas f\u00edsicos o l\u00f3gicos que sean susceptibles de provocar los da\u00f1os anteriormente mencionados.<\/li>\n\n\n\n<li>Intentar acceder y, en su caso, utilizar las cuentas de correo electr\u00f3nico de otros usuarios y modificar o manipular sus mensajes.<\/li>\n<\/ul>\n\n\n\n<p>Tributarios y Contables se reserva el derecho de retirar todos aquellos comentarios y aportaciones que vulneren el respeto a la dignidad de la persona, que sean discriminatorios, xen\u00f3fobos, racistas, pornogr\u00e1ficos, que atenten contra la juventud o la infancia, el orden o la seguridad p\u00fablica o que, a su juicio, no resulten adecuados para su publicaci\u00f3n.<\/p>\n\n\n\n<p>En cualquier caso, Tributarios y Contables no ser\u00e1 responsable de las opiniones realizadas por los usuarios a trav\u00e9s del blog u otras herramientas de participaci\u00f3n que puedan crearse.<\/p>\n\n\n\n<p><strong>4.2 CAPTURA DE LA INFORMACI\u00d3N<\/strong><\/p>\n\n\n\n<p>La captura de informaci\u00f3n en nuestra p\u00e1gina se realiza a trav\u00e9s de:<\/p>\n\n\n\n<ul class=\"wp-block-list\">\n<li>Formulario de contacto, donde el USUARIO deber\u00e1 diligenciar el campo de correo electr\u00f3nico, nombre y mensaje.<\/li>\n\n\n\n<li>Formulario de Suscripci\u00f3n, en donde se diligencia el correo electr\u00f3nico del usuario.<\/li>\n\n\n\n<li>Formulario de venta, diligenciando el USUARIO los campos necesarios para la venta con los campos de nombre, c\u00e9dula, email, direcci\u00f3n.<\/li>\n\n\n\n<li>Navegaci\u00f3n y Direcci\u00f3n IP: Al navegar por esta web, el usuario facilita de forma autom\u00e1tica al servidor de la web informaci\u00f3n relativa a tu direcci\u00f3n IP, fecha y hora de acceso, el hiperv\u00ednculo que le ha reenviado a \u00e9stas, tu sistema operativo y el navegador utilizado.<\/li>\n<\/ul>\n\n\n\n<p>Independientemente de lo anterior, los usuarios podr\u00e1n darse de baja en cualquier momento de los servicios prestados por Tributarios y Contables, o datos aportados por el USUARIO dando cumplimiento a la normativa vigente sobre Protecci\u00f3n de Datos. As\u00ed mismo, tanto al suscribirse a esta p\u00e1gina web como al realizar alg\u00fan comentario en cualquiera de sus p\u00e1ginas y\/o entradas, el usuario acepta:<\/p>\n\n\n\n<ul class=\"wp-block-list\">\n<li>El tratamiento de sus datos personales conforme a sus pol\u00edticas de privacidad.<\/li>\n\n\n\n<li>El acceso de Tributarios y Contables a los datos que el usuario aporte, bien sea para la suscripci\u00f3n a la web, o para cualquier consulta mediante el formulario de contacto.<\/li>\n<\/ul>\n\n\n\n<p>Tambi\u00e9n se informa que la informaci\u00f3n de nuestros usuarios est\u00e1 protegida de acuerdo con nuestra&nbsp;<a href=\"https:\/\/www.disenosks.com\/politica-privacidad\/\" target=\"_blank\" rel=\"noreferrer noopener\">POLITICA DE PRIVACIDAD.<\/a><\/p>\n\n\n\n<p>Al activar una suscripci\u00f3n, formulario de contacto o comentario, el usuario comprende y acepta que desde el momento en que efect\u00faa su suscripci\u00f3n o se accede a alg\u00fan servicio de pago, Tributarios y Contables tiene acceso a el nombre, y email, o dem\u00e1s datos diligenciados.<\/p>\n\n\n\n<p>Tributarios y Contables se reserva el derecho de modificar, en cualquier momento y sin necesidad de previo aviso, la presentaci\u00f3n y configuraci\u00f3n de la web https:\/\/tributariosycontables.com, como lo es el presente aviso legal.<\/p>\n\n\n\n<p><strong>PROPIEDAD INTELECTUAL<\/strong><strong><\/strong><\/p>\n\n\n\n<p>Tributarios y Contables es titular de todos los derechos de propiedad intelectual de esta p\u00e1gina web, as\u00ed como de los elementos contenidos en la misma. Todos los derechos reservados.<\/p>\n\n\n\n<p>Cualquier uso no autorizado previamente por Tributarios y Contables ser\u00e1 considerado un incumplimiento grave de los derechos de propiedad intelectual del autor.<\/p>\n\n\n\n<p>Queda prohibida la reproducci\u00f3n y distribuci\u00f3n de la totalidad o parte de los contenidos de esta p\u00e1gina web, con fines comerciales, en cualquier soporte y por cualquier medio t\u00e9cnico, sin la autorizaci\u00f3n de Tributarios y Contables.<\/p>\n\n\n\n<p>El USUARIO se compromete a respetar los derechos de Propiedad Intelectual de esta p\u00e1gina web.<\/p>\n\n\n\n<p><strong>EXCLUSI\u00d3N DE GARANT\u00cdAS Y RESPONSABILIDAD<\/strong><strong><\/strong><\/p>\n\n\n\n<p>Tributarios y Contables no se hace responsable, en ning\u00fan caso, de los da\u00f1os y perjuicios de cualquier naturaleza que pudieran ocasionar, a t\u00edtulo enunciativo: por errores u omisiones en los contenidos, por falta de disponibilidad del sitio web, \u2013 el cual puede presentar ventanas de mantenimiento \u2013 as\u00ed como por la transmisi\u00f3n de virus o programas maliciosos o lesivos en los contenidos, a pesar de haber adoptado todas las medidas tecnol\u00f3gicas necesarias para evitarlo.<\/p>\n\n\n\n<p><strong>MODIFICACIONES<\/strong><strong><\/strong><\/p>\n\n\n\n<p>Tributarios y Contables se reserva el derecho de efectuar sin previo aviso las modificaciones que considere oportunas en su web, pudiendo cambiar, suprimir o a\u00f1adir tanto contenidos, como servicios que se presten a trav\u00e9s de esta, as\u00ed como la forma en la que \u00e9stos se presente o localicen en su web.<\/p>\n\n\n\n<p><strong>POL\u00cdTICA DE ENLACES<\/strong><strong><\/strong><\/p>\n\n\n\n<p>Las personas o entidades que pretendan realizar o realicen un hiperv\u00ednculo desde una p\u00e1gina web de otro portal de Internet a la web de Tributarios y Contables deber\u00e1 someterse las siguientes condiciones:<\/p>\n\n\n\n<ul class=\"wp-block-list\">\n<li>No se realizar\u00e1 ninguna manifestaci\u00f3n falsa, inexacta o incorrecta sobre la web, ni sobre los servicios o contenidos de esta.<\/li>\n\n\n\n<li>La realizaci\u00f3n del hiperv\u00ednculo no implicar\u00e1 la existencia de relaciones entre Tributarios y Contables y el titular de la p\u00e1gina web o del portal desde el cual se realice, ni el conocimiento y aceptaci\u00f3n de Tributarios y Contables de los servicios y contenidos ofrecidos en dicha p\u00e1gina web o portal.<\/li>\n\n\n\n<li>Tributarios y Contables no ser\u00e1 responsable de los contenidos o servicios puestos a disposici\u00f3n del p\u00fablico en la p\u00e1gina web o portal desde el cual se realice el hiperv\u00ednculo, ni la informaci\u00f3n que se maneje en la misma.<\/li>\n<\/ul>\n\n\n\n<p>En los contenidos de esta web se puede poner a disposici\u00f3n del usuario conexiones y enlaces a otros sitios web gestionados y controlados por terceros. Dichos enlaces tienen como exclusiva funci\u00f3n, la de facilitar a los usuarios la b\u00fasqueda de informaci\u00f3n, contenidos y servicios en Internet, sin que en ning\u00fan caso pueda considerarse una sugerencia, recomendaci\u00f3n o invitaci\u00f3n para la visita de estos. Tributarios y Contables no comercializa, ni dirige, ni controla previamente, ni hace propios los contenidos, servicios, informaciones y manifestaciones disponibles en dichos sitios web.<\/p>\n\n\n\n<p>Tributarios y Contables no asume ning\u00fan tipo de responsabilidad, ni siquiera de forma indirecta o subsidiaria, por los da\u00f1os y perjuicios de toda clase que pudieran derivarse del acceso, mantenimiento, uso, calidad, licitud, fiabilidad y utilidad de los contenidos, informaciones, comunicaciones, opiniones, manifestaciones, productos y servicios existentes u ofrecidos en los sitios web no gestionados por Tributarios y Contables y que resulten accesibles a trav\u00e9s de https:\/\/tributariosycontables.com.<\/p>\n\n\n\n<p><strong>DERECHO DE EXCLUSI\u00d3N<\/strong><strong><\/strong><\/p>\n\n\n\n<p>Tributarios y Contables se reserva el derecho a denegar o retirar el acceso al portal y\/o los servicios ofrecidos sin necesidad de preaviso, a instancia propia o de un tercero, a aquellos usuarios que incumplan las presentes Condiciones Generales de Uso.<\/p>\n\n\n\n<p><strong>GENERALIDADES<\/strong><strong><\/strong><\/p>\n\n\n\n<p>Tributarios y Contables perseguir\u00e1 el incumplimiento de las presentes condiciones, as\u00ed como cualquier utilizaci\u00f3n indebida de su web ejerciendo todas las acciones civiles y penales que le puedan corresponder en derecho.<\/p>\n\n\n\n<p><strong>MODIFICACI\u00d3N DE LAS PRESENTES CONDICIONES Y DURACI\u00d3N<\/strong><strong><\/strong><\/p>\n\n\n\n<p>Tributarios y Contables podr\u00e1 modificar en cualquier momento las condiciones aqu\u00ed determinadas, siendo debidamente publicadas como aqu\u00ed aparecen. La vigencia de las citadas condiciones ir\u00e1 en funci\u00f3n de su exposici\u00f3n y estar\u00e1n vigentes hasta que sean modificadas por otras debidamente publicadas.<\/p>\n\n\n\n<p><strong>RECLAMACIONES Y DUDAS<\/strong><strong><\/strong><\/p>\n\n\n\n<p>Tributarios y Contables informa que los usuarios y clientes que, en caso de querer hacer alg\u00fan reclamo, pueden remitir un correo a&nbsp;<a href=\"mailto:icolmenares@tributariosycontables.com\">icolmenares@tributariosycontables.com<\/a>&nbsp;indicando su nombre y apellidos, el servicio o producto adquirido y exponiendo los motivos de su reclamaci\u00f3n.<\/p>\n","protected":false},"excerpt":{"rendered":"<p>AVISO LEGAL Y T\u00c9RMINOS DE USO Tributarios y Contables, como titular de este sitio web, informa al usuario que si navega por esta web o usa los servicios que ofrecemos a trav\u00e9s de esta, adquiere desde el primer momento, la condici\u00f3n de usuario y, por tanto, se acoge a las normas respecto al uso de [&hellip;]<\/p>\n","protected":false},"author":1,"featured_media":0,"parent":0,"menu_order":0,"comment_status":"closed","ping_status":"closed","template":"","meta":{"_joinchat":[],"footnotes":""},"class_list":["post-40","page","type-page","status-publish","hentry"],"_links":{"self":[{"href":"https:\/\/tributariosycontables.com\/index.php\/wp-json\/wp\/v2\/pages\/40","targetHints":{"allow":["GET"]}}],"collection":[{"href":"https:\/\/tributariosycontables.com\/index.php\/wp-json\/wp\/v2\/pages"}],"about":[{"href":"https:\/\/tributariosycontables.com\/index.php\/wp-json\/wp\/v2\/types\/page"}],"author":[{"embeddable":true,"href":"https:\/\/tributariosycontables.com\/index.php\/wp-json\/wp\/v2\/users\/1"}],"replies":[{"embeddable":true,"href":"https:\/\/tributariosycontables.com\/index.php\/wp-json\/wp\/v2\/comments?post=40"}],"version-history":[{"count":4,"href":"https:\/\/tributariosycontables.com\/index.php\/wp-json\/wp\/v2\/pages\/40\/revisions"}],"predecessor-version":[{"id":79,"href":"https:\/\/tributariosycontables.com\/index.php\/wp-json\/wp\/v2\/pages\/40\/revisions\/79"}],"wp:attachment":[{"href":"https:\/\/tributariosycontables.com\/index.php\/wp-json\/wp\/v2\/media?parent=40"}],"curies":[{"name":"wp","href":"https:\/\/api.w.org\/{rel}","templated":true}]}}